{"id":4647,"date":"2025-02-21T01:48:42","date_gmt":"2025-02-21T00:48:42","guid":{"rendered":"https:\/\/www.holz-marberger.at\/inhalte\/?page_id=4647"},"modified":"2026-04-10T13:23:49","modified_gmt":"2026-04-10T11:23:49","slug":"zuschnitt","status":"publish","type":"page","link":"https:\/\/www.holz-marberger.at\/inhalte\/zuschnitt\/","title":{"rendered":"Zuschnitt"},"content":{"rendered":"<div class=\"wpb-content-wrapper\"><p>[vc_row][vc_column][vc_empty_space][vc_column_text css=&#8220;&#8220;]<\/p>\n<h1>Zuschnitt &amp; Bekantung<\/h1>\n<p><strong>Ma\u00dfgefertigte Zuschnitte nach Ihren W\u00fcnschen<\/strong><\/p>\n<p>Bestellen Sie Ihren individuellen Zuschnitt schnell und flexibel:<\/p>\n<ul>\n<li><strong>Online-Konfigurator &#8211; <\/strong>pr\u00e4zise &amp; unkompliziert<\/li>\n<li><strong>Online- oder Excel-Formular &#8211; <\/strong>schnell &amp; \u00fcbersichtlich<\/li>\n<\/ul>\n<p>Wir fertigen Zuschnitte aus Massivholz-, Dreischicht- und Dekorspanplatten bis 5000mm L\u00e4nge und 80mm St\u00e4rke. Eine Bekantung ist bis ca. 48mm m\u00f6glich. Profitieren Sie von unserer Pr\u00e4zision und Quali\u00e4t!<\/p>\n<p><strong>Jetzt Zuschnitt bequem bestellen!<\/strong>[\/vc_column_text][vc_empty_space][vc_empty_space][\/vc_column][\/vc_row][vc_row css=&#8220;.vc_custom_1740115662981{margin-bottom: 32px !important;border-top-width: 1px !important;border-right-width: 1px !important;border-bottom-width: 1px !important;border-left-width: 1px !important;border-left-style: solid !important;border-right-style: solid !important;border-top-style: solid !important;border-bottom-style: solid !important;border-radius: 5px !important;border-color: #d8d8d8 !important;}&#8220;][vc_column width=&#8220;2\/3&#8243;][vc_column_text css=&#8220;&#8220;]<\/p>\n<h2>Konfigurator<\/h2>\n<p>Bestellen Sie Zuschnitte oder ganze Platten online &#8211; mit oder ohne Kante. W\u00e4hlen Sie aus s\u00e4mtlichen Dekoren und Materialien unseres Zuschnittprogramms und sparen Sie Zeit durch eine pr\u00e4zise Konfiguration.[\/vc_column_text][vc_btn title=&#8220;zum Konfigurator&#8220; color=&#8220;success&#8220; css=&#8220;&#8220; link=&#8220;url:https%3A%2F%2Fwww.holz-marberger.at%2Fde%2Fzuschnittplaner|target:_blank&#8220; el_class=&#8220;button-green&#8220;][vc_empty_space][\/vc_column][vc_column width=&#8220;1\/3&#8243;][vc_single_image image=&#8220;4688&#8243; img_size=&#8220;large&#8220; css=&#8220;&#8220;][\/vc_column][\/vc_row][vc_row css=&#8220;.vc_custom_1740115649964{margin-bottom: 32px !important;border-top-width: 1px !important;border-right-width: 1px !important;border-bottom-width: 1px !important;border-left-width: 1px !important;border-left-style: solid !important;border-right-style: solid !important;border-top-style: solid !important;border-bottom-style: solid !important;border-radius: 5px !important;border-color: #d8d8d8 !important;}&#8220;][vc_column width=&#8220;2\/3&#8243;][vc_column_text css=&#8220;&#8220;]<\/p>\n<h2>Online-Zuschnittformular<\/h2>\n<p>Bestellen Sie Ihre Zuschnitte digital und effizient. Das Formular wird direkt optimiert verarbeitet &#8211; einfach Dekor und Ma\u00dfe eingeben, W\u00fcnsche ankreuzen<br \/>\nund abschicken. Nutzbar auf Handy, Tablet oder PC.[\/vc_column_text][vc_btn title=&#8220;zum Formular&#8220; color=&#8220;success&#8220; css=&#8220;&#8220; link=&#8220;url:https%3A%2F%2Fwww.holz-marberger.at%2Finhalte%2Fplattenbestellung%2F|target:_blank&#8220; el_class=&#8220;button-green&#8220;][vc_empty_space][\/vc_column][vc_column width=&#8220;1\/3&#8243;][vc_single_image image=&#8220;4687&#8243; img_size=&#8220;large&#8220; css=&#8220;&#8220;][\/vc_column][\/vc_row][vc_row css=&#8220;.vc_custom_1740533609880{border-top-width: 1px !important;border-right-width: 1px !important;border-bottom-width: 1px !important;border-left-width: 1px !important;border-left-style: solid !important;border-right-style: solid !important;border-top-style: solid !important;border-bottom-style: solid !important;border-radius: 5px !important;border-color: #d8d8d8 !important;}&#8220;][vc_column width=&#8220;2\/3&#8243;][vc_column_text css=&#8220;&#8220;]<\/p>\n<h2>Zuschnittformular zum Drucken<\/h2>\n<p>Bevorzugen Sie die klassische Bestellung? Laden Sie unser Excel-Formular herunter, tragen Sie Ihre Zuschnitte ein und senden Sie es ausgef\u00fcllt an unser Zuschnitt-Team.[\/vc_column_text][vc_btn title=&#8220;Formular downloaden&#8220; color=&#8220;success&#8220; css=&#8220;&#8220; link=&#8220;url:https%3A%2F%2Fwww.holz-marberger.at%2Finhalte%2Fwp-content%2Fuploads%2F2025%2F03%2FZuschnittformular-fuer-Datenimport-2021.xls|target:_blank&#8220; el_class=&#8220;button-green&#8220;][vc_empty_space][\/vc_column][vc_column width=&#8220;1\/3&#8243;][vc_single_image image=&#8220;4686&#8243; img_size=&#8220;large&#8220; css=&#8220;&#8220;][\/vc_column][\/vc_row][vc_row][vc_column][vc_empty_space height=&#8220;64px&#8220;][\/vc_column][\/vc_row][vc_row gap=&#8220;20&#8243; equal_height=&#8220;yes&#8220;][vc_column width=&#8220;1\/4&#8243;][\/vc_column][vc_column width=&#8220;1\/4&#8243; css=&#8220;.vc_custom_1740534811113{border-top-width: 1px !important;border-right-width: 1px !important;border-bottom-width: 1px !important;border-left-width: 1px !important;background-color: #ffffff !important;border-left-style: solid !important;border-right-style: solid !important;border-top-style: solid !important;border-bottom-style: solid !important;border-radius: 5px !important;border-color: #d8d8d8 !important;}&#8220;][vc_column_text css=&#8220;&#8220;]<\/p>\n<h4>Michael Gritsch<\/h4>\n<p>[\/vc_column_text][vc_single_image image=&#8220;1624&#8243; img_size=&#8220;large&#8220; css=&#8220;&#8220;][vc_column_text css=&#8220;&#8220;]Verkauf Zuschnitt und Bekantung<\/p>\n<p>+43 5266 8900 1450<br \/>\nmichael.gritsch[a]holz-marberger.at[\/vc_column_text][\/vc_column][vc_column width=&#8220;1\/4&#8243; css=&#8220;.vc_custom_1740534863912{border-top-width: 1px !important;border-right-width: 1px !important;border-bottom-width: 1px !important;border-left-width: 1px !important;border-left-style: solid !important;border-right-style: solid !important;border-top-style: solid !important;border-bottom-style: solid !important;border-radius: 5px !important;border-color: #d8d8d8 !important;}&#8220;][vc_column_text css=&#8220;&#8220;]<\/p>\n<h4>Alexander Rifko<\/h4>\n<p>[\/vc_column_text][vc_single_image image=&#8220;4681&#8243; img_size=&#8220;large&#8220; css=&#8220;&#8220;][vc_column_text css=&#8220;&#8220;]Arbeitsvorbereitung Zuschnitt<\/p>\n<p>+43 6225 8320 3120<br \/>\nalexander.rifko[a]holz-marberger.at[\/vc_column_text][\/vc_column][vc_column width=&#8220;1\/4&#8243;][\/vc_column][\/vc_row][vc_row][vc_column][vc_empty_space height=&#8220;64px&#8220;][\/vc_column][\/vc_row]<\/p>\n<\/div>","protected":false},"excerpt":{"rendered":"<p>[vc_row][vc_column][vc_empty_space][vc_column_text css=&#8220;&#8220;] Zuschnitt &amp; Bekantung Ma\u00dfgefertigte Zuschnitte nach Ihren W\u00fcnschen Bestellen Sie Ihren individuellen Zuschnitt schnell und flexibel: Online-Konfigurator &#8211; pr\u00e4zise &amp; unkompliziert Online- oder Excel-Formular &#8211; schnell &amp; \u00fcbersichtlich Wir fertigen Zuschnitte aus Massivholz-, Dreischicht- und Dekorspanplatten bis 5000mm L\u00e4nge und 80mm St\u00e4rke. Eine Bekantung ist bis ca. 48mm m\u00f6glich. Profitieren Sie von unserer &#8230;<\/p>\n<p class=\"link-more\"><a href=\"https:\/\/www.holz-marberger.at\/inhalte\/zuschnitt\/\" class=\"more-link\">  <span class=\"screen-reader-text\"><\/span><\/a><\/p>\n","protected":false},"author":6,"featured_media":0,"parent":0,"menu_order":0,"comment_status":"closed","ping_status":"closed","template":"","meta":{"_acf_changed":false,"footnotes":""},"class_list":["post-4647","page","type-page","status-publish","hentry"],"acf":[],"_links":{"self":[{"href":"https:\/\/www.holz-marberger.at\/inhalte\/wp-json\/wp\/v2\/pages\/4647","targetHints":{"allow":["GET"]}}],"collection":[{"href":"https:\/\/www.holz-marberger.at\/inhalte\/wp-json\/wp\/v2\/pages"}],"about":[{"href":"https:\/\/www.holz-marberger.at\/inhalte\/wp-json\/wp\/v2\/types\/page"}],"author":[{"embeddable":true,"href":"https:\/\/www.holz-marberger.at\/inhalte\/wp-json\/wp\/v2\/users\/6"}],"replies":[{"embeddable":true,"href":"https:\/\/www.holz-marberger.at\/inhalte\/wp-json\/wp\/v2\/comments?post=4647"}],"version-history":[{"count":27,"href":"https:\/\/www.holz-marberger.at\/inhalte\/wp-json\/wp\/v2\/pages\/4647\/revisions"}],"predecessor-version":[{"id":6047,"href":"https:\/\/www.holz-marberger.at\/inhalte\/wp-json\/wp\/v2\/pages\/4647\/revisions\/6047"}],"wp:attachment":[{"href":"https:\/\/www.holz-marberger.at\/inhalte\/wp-json\/wp\/v2\/media?parent=4647"}],"curies":[{"name":"wp","href":"https:\/\/api.w.org\/{rel}","templated":true}]}}